{"id":3706,"date":"2022-07-26T11:04:02","date_gmt":"2022-07-26T11:04:02","guid":{"rendered":"https:\/\/marcegarracervantes.com\/7a-edicao-online-curso-internacional-de-especializacion-en-psicosomatica-humanista-y-epigenetica-en-psicoterapia-pre-inscripcion\/"},"modified":"2022-07-26T11:29:48","modified_gmt":"2022-07-26T11:29:48","slug":"7a-edicao-online-curso-internacional-de-especializacion-en-psicosomatica-humanista-y-epigenetica-en-psicoterapia-pre-inscripcion","status":"publish","type":"page","link":"https:\/\/marcegarracervantes.com\/es\/lp\/7a-edicao-online-curso-internacional-de-especializacion-en-psicosomatica-humanista-y-epigenetica-en-psicoterapia-pre-inscripcion\/","title":{"rendered":"7\u00aa Edi\u00e7\u00e3o Online &#8211; Curso Internacional de Especializaci\u00f3n en Psicosom\u00e1tica Humanista y Epigen\u00e9tica en Psicoterapia &#8211; Pre Inscripci\u00f3n"},"content":{"rendered":"\t\t<div data-elementor-type=\"wp-page\" data-elementor-id=\"3706\" class=\"elementor elementor-3706 elementor-3626\" data-elementor-post-type=\"page\">\n\t\t\t\t\t\t<section class=\"elementor-section elementor-top-section elementor-element elementor-element-be33d7b elementor-section-height-min-height elementor-section-boxed elementor-section-height-default elementor-section-items-middle\" data-id=\"be33d7b\" data-element_type=\"section\" data-e-type=\"section\" data-settings=\"{&quot;background_background&quot;:&quot;gradient&quot;}\">\n\t\t\t\t\t\t\t<div class=\"elementor-background-overlay\"><\/div>\n\t\t\t\t\t\t\t<div class=\"elementor-container elementor-column-gap-default\">\n\t\t\t\t\t<div class=\"elementor-column elementor-col-100 elementor-top-column elementor-element elementor-element-3a74aeb\" data-id=\"3a74aeb\" data-element_type=\"column\" data-e-type=\"column\">\n\t\t\t<div class=\"elementor-widget-wrap elementor-element-populated\">\n\t\t\t\t\t\t<div class=\"elementor-element elementor-element-7e9d51f elementor-widget__width-initial elementor-absolute elementor-widget elementor-widget-heading\" data-id=\"7e9d51f\" data-element_type=\"widget\" data-e-type=\"widget\" data-settings=\"{&quot;_animation&quot;:&quot;none&quot;,&quot;_animation_mobile&quot;:&quot;none&quot;,&quot;_position&quot;:&quot;absolute&quot;}\" data-widget_type=\"heading.default\">\n\t\t\t\t<div class=\"elementor-widget-container\">\n\t\t\t\t\t<h2 class=\"elementor-heading-title elementor-size-default\">7\u00aa Edici\u00f3n<\/h2>\t\t\t\t<\/div>\n\t\t\t\t<\/div>\n\t\t\t\t<div class=\"elementor-element elementor-element-f39d896 elementor-widget elementor-widget-heading\" data-id=\"f39d896\" data-element_type=\"widget\" data-e-type=\"widget\" data-settings=\"{&quot;_animation&quot;:&quot;none&quot;,&quot;_animation_mobile&quot;:&quot;none&quot;}\" data-widget_type=\"heading.default\">\n\t\t\t\t<div class=\"elementor-widget-container\">\n\t\t\t\t\t<h2 class=\"elementor-heading-title elementor-size-default\">Curso Internacional de Especializaci\u00f3n en <\/h2>\t\t\t\t<\/div>\n\t\t\t\t<\/div>\n\t\t\t\t<div class=\"elementor-element elementor-element-be9ed86 elementor-widget elementor-widget-heading\" data-id=\"be9ed86\" data-element_type=\"widget\" data-e-type=\"widget\" data-settings=\"{&quot;_animation&quot;:&quot;none&quot;,&quot;_animation_mobile&quot;:&quot;none&quot;}\" data-widget_type=\"heading.default\">\n\t\t\t\t<div class=\"elementor-widget-container\">\n\t\t\t\t\t<h2 class=\"elementor-heading-title elementor-size-default\">Psicosom\u00e1tica Human\u00edstica y Epigen\u00e9tica en Psicoterapia<\/h2>\t\t\t\t<\/div>\n\t\t\t\t<\/div>\n\t\t\t\t<div class=\"elementor-element elementor-element-faea563 elementor-widget elementor-widget-text-editor\" data-id=\"faea563\" data-element_type=\"widget\" data-e-type=\"widget\" data-widget_type=\"text-editor.default\">\n\t\t\t\t<div class=\"elementor-widget-container\">\n\t\t\t\t\t\t\t\t\t<p>\u00a1Tu registro previo fue exitoso! <br \/>Nos pondremos en contacto en breve.<\/p>\t\t\t\t\t\t\t\t<\/div>\n\t\t\t\t<\/div>\n\t\t\t\t<div class=\"elementor-element elementor-element-0c29025 elementor-align-center elementor-mobile-align-justify elementor-tablet-align-center elementor-widget elementor-widget-button\" data-id=\"0c29025\" data-element_type=\"widget\" data-e-type=\"widget\" data-widget_type=\"button.default\">\n\t\t\t\t<div class=\"elementor-widget-container\">\n\t\t\t\t\t\t\t\t\t<div class=\"elementor-button-wrapper\">\n\t\t\t\t\t<a class=\"elementor-button elementor-button-link elementor-size-lg elementor-animation-grow\" href=\"https:\/\/marcegarracervantes.com\/es\/cursos-online-es\/\">\n\t\t\t\t\t\t<span class=\"elementor-button-content-wrapper\">\n\t\t\t\t\t\t\t\t\t<span class=\"elementor-button-text\">Ver otros cursos<\/span>\n\t\t\t\t\t<\/span>\n\t\t\t\t\t<\/a>\n\t\t\t\t<\/div>\n\t\t\t\t\t\t\t\t<\/div>\n\t\t\t\t<\/div>\n\t\t\t\t\t<\/div>\n\t\t<\/div>\n\t\t\t\t\t<\/div>\n\t\t<\/section>\n\t\t\t\t<\/div>\n\t\t","protected":false},"excerpt":{"rendered":"<p>7\u00aa Edici\u00f3n Curso Internacional de Especializaci\u00f3n en Psicosom\u00e1tica Human\u00edstica y Epigen\u00e9tica en Psicoterapia \u00a1Tu registro previo fue exitoso! Nos pondremos en contacto en breve. Ver otros cursos<\/p>\n","protected":false},"author":1,"featured_media":3629,"parent":1005,"menu_order":0,"comment_status":"closed","ping_status":"closed","template":"elementor_canvas","meta":{"footnotes":""},"class_list":["post-3706","page","type-page","status-publish","has-post-thumbnail","hentry"],"_links":{"self":[{"href":"https:\/\/marcegarracervantes.com\/es\/wp-json\/wp\/v2\/pages\/3706","targetHints":{"allow":["GET"]}}],"collection":[{"href":"https:\/\/marcegarracervantes.com\/es\/wp-json\/wp\/v2\/pages"}],"about":[{"href":"https:\/\/marcegarracervantes.com\/es\/wp-json\/wp\/v2\/types\/page"}],"author":[{"embeddable":true,"href":"https:\/\/marcegarracervantes.com\/es\/wp-json\/wp\/v2\/users\/1"}],"replies":[{"embeddable":true,"href":"https:\/\/marcegarracervantes.com\/es\/wp-json\/wp\/v2\/comments?post=3706"}],"version-history":[{"count":2,"href":"https:\/\/marcegarracervantes.com\/es\/wp-json\/wp\/v2\/pages\/3706\/revisions"}],"predecessor-version":[{"id":3717,"href":"https:\/\/marcegarracervantes.com\/es\/wp-json\/wp\/v2\/pages\/3706\/revisions\/3717"}],"up":[{"embeddable":true,"href":"https:\/\/marcegarracervantes.com\/es\/wp-json\/wp\/v2\/pages\/1005"}],"wp:featuredmedia":[{"embeddable":true,"href":"https:\/\/marcegarracervantes.com\/es\/wp-json\/wp\/v2\/media\/3629"}],"wp:attachment":[{"href":"https:\/\/marcegarracervantes.com\/es\/wp-json\/wp\/v2\/media?parent=3706"}],"curies":[{"name":"wp","href":"https:\/\/api.w.org\/{rel}","templated":true}]}}